{"id":938,"date":"2021-04-12T06:00:46","date_gmt":"2021-04-12T06:00:46","guid":{"rendered":"https:\/\/vonbank.at\/vonbank\/?page_id=938"},"modified":"2021-05-27T12:52:45","modified_gmt":"2021-05-27T12:52:45","slug":"ueber-uns","status":"publish","type":"page","link":"https:\/\/vonbank.at\/vonbank\/ueber-uns\/","title":{"rendered":"\u00dcber Uns"},"content":{"rendered":"<div data-colibri-id=\"938-c1\" class=\"style-232 style-local-938-c1 position-relative\">\n  <!---->\n  <div data-colibri-component=\"section\" data-colibri-id=\"938-c2\" id=\"initial-content\" class=\"h-section h-section-global-spacing d-flex align-items-lg-center align-items-md-center align-items-center style-233 style-local-938-c2 position-relative\">\n    <!---->\n    <!---->\n    <div class=\"h-section-grid-container h-section-boxed-container\">\n      <!---->\n      <div data-colibri-id=\"938-c3\" class=\"h-row-container gutters-row-lg-2 gutters-row-md-2 gutters-row-0 gutters-row-v-lg-2 gutters-row-v-md-2 gutters-row-v-2 style-469 style-local-938-c3 position-relative\">\n        <!---->\n        <div class=\"h-row justify-content-lg-center justify-content-md-center justify-content-center align-items-lg-stretch align-items-md-stretch align-items-stretch gutters-col-lg-2 gutters-col-md-2 gutters-col-0 gutters-col-v-lg-2 gutters-col-v-md-2 gutters-col-v-2\">\n          <!---->\n          <div class=\"h-column h-column-container d-flex h-col-lg-auto h-col-md-auto h-col-auto style-470-outer style-local-938-c4-outer\">\n            <div data-colibri-id=\"938-c4\" class=\"d-flex h-flex-basis h-column__inner h-px-lg-2 h-px-md-2 h-px-2 v-inner-lg-2 v-inner-md-2 v-inner-2 style-470 style-local-938-c4 position-relative\">\n              <!---->\n              <!---->\n              <div class=\"w-100 h-y-container h-column__content h-column__v-align flex-basis-100 align-self-lg-start align-self-md-start align-self-start\">\n                <!---->\n                <div data-colibri-id=\"938-c5\" class=\"h-global-transition-all h-heading style-472 style-local-938-c5 position-relative h-element\">\n                  <!---->\n                  <div class=\"h-heading__outer style-472 style-local-938-c5\">\n                    <!---->\n                    <!---->\n                    <h2 class=\"\">die WOHNWerkstatt\n                      <br>Thomas Vonbank<\/h2>\n                  <\/div>\n                <\/div>\n                <div data-colibri-id=\"938-c6\" class=\"h-text h-text-component style-471 style-local-938-c6 position-relative h-element\">\n                  <!---->\n                  <!---->\n                  <div class=\"\">\n                    <p>\n                      <br>\n                    <\/p>\n                    <p><span style=\"font-size: 16pt; color: rgb(0, 0, 0);\">Unser Familienbetrieb wurde 1957 von Fritz Vonbank gegr\u00fcndet, Polsterer und Tapezierer.&nbsp;&nbsp;Im Jahre 1991 \u00fcbernahm sein Sohn Thomas den Betrieb. Heute f\u00fchrt Thomas das Gesch\u00e4ft und die Werkstatt,&nbsp;&nbsp;nach einem Umbau 2003, zusammen mit seiner Frau Adriane,&nbsp;&nbsp;zwei&nbsp;&nbsp;Mitarbeiterinnen und zwei selbst\u00e4ndigen Handwerkern.<\/span><\/p>\n                    <p><span style=\"font-size: 16pt; color: rgb(0, 0, 0);\">Als traditioneller Handwerksbetrieb sind wir darauf bedacht unsere Kunden mit der h\u00f6chstm\u00f6glichen Qualit\u00e4t zufrieden zu stellen. Besonders achten wir dabei auf den Erhalt einer engen Kundenbindung, die zum Teil seit Jahrzehnten besteht. Weiters sind wir stolz darauf, die meisten Neukunden \u00fcber eine positive Mundpropaganda zu erhalten.&nbsp;<\/span><\/p>\n                    <p>\n                      <br>\n                    <\/p>\n                  <\/div>\n                <\/div>\n              <\/div>\n            <\/div>\n          <\/div>\n        <\/div>\n      <\/div>\n      <div data-colibri-id=\"938-c7\" class=\"h-row-container gutters-row-lg-2 gutters-row-md-2 gutters-row-0 gutters-row-v-lg-2 gutters-row-v-md-2 gutters-row-v-2 style-234 style-local-938-c7 position-relative\">\n        <!---->\n        <div class=\"h-row justify-content-lg-center justify-content-md-center justify-content-center align-items-lg-stretch align-items-md-stretch align-items-stretch gutters-col-lg-2 gutters-col-md-2 gutters-col-0 gutters-col-v-lg-2 gutters-col-v-md-2 gutters-col-v-2\">\n          <!---->\n          <div class=\"h-column h-column-container d-flex h-col-lg-auto h-col-md-auto h-col-auto style-235-outer style-local-938-c8-outer\">\n            <div data-colibri-id=\"938-c8\" class=\"d-flex h-flex-basis h-column__inner h-px-lg-2 h-px-md-2 h-px-2 v-inner-lg-2 v-inner-md-2 v-inner-2 style-235 style-local-938-c8 position-relative\">\n              <!---->\n              <!---->\n              <div class=\"w-100 h-y-container h-column__content h-column__v-align flex-basis-100 align-self-lg-start align-self-md-start align-self-start\">\n                <!---->\n                <div data-colibri-id=\"938-c9\" class=\"d-block style-479 style-local-938-c9 position-relative h-element\">\n                  <!---->\n                  <div class=\"h-image__frame-container-outer\">\n                    <div class=\"h-image__frame-container\">\n                      <!---->\n                      <!---->\n                      <img loading=\"lazy\" decoding=\"async\" width=\"1321\" height=\"429\" src=\"https:\/\/vonbank.at\/vonbank\/wp-content\/uploads\/2021\/05\/cropped-Fritz_Vonbank-scaled-1.jpg\" class=\"wp-image-1984 style-479-image style-local-938-c9-image\" alt=\"\" srcset=\"https:\/\/vonbank.at\/vonbank\/wp-content\/uploads\/2021\/05\/cropped-Fritz_Vonbank-scaled-1.jpg 1321w, https:\/\/vonbank.at\/vonbank\/wp-content\/uploads\/2021\/05\/cropped-Fritz_Vonbank-scaled-1-300x97.jpg 300w, https:\/\/vonbank.at\/vonbank\/wp-content\/uploads\/2021\/05\/cropped-Fritz_Vonbank-scaled-1-1024x333.jpg 1024w, https:\/\/vonbank.at\/vonbank\/wp-content\/uploads\/2021\/05\/cropped-Fritz_Vonbank-scaled-1-768x249.jpg 768w\" sizes=\"(max-width: 1321px) 100vw, 1321px\" \/>\n                      <div class=\"h-image__frame h-hide-lg h-hide-md h-hide-sm style-479-frameImage style-local-938-c9-frameImage\"><\/div>\n                    <\/div>\n                  <\/div>\n                <\/div>\n              <\/div>\n            <\/div>\n          <\/div>\n        <\/div>\n      <\/div>\n    <\/div>\n  <\/div>\n<\/div>","protected":false},"excerpt":{"rendered":"<p>die WOHNWerkstatt Thomas Vonbank Unser Familienbetrieb wurde 1957 von Fritz Vonbank gegr\u00fcndet, Polsterer und Tapezierer.&nbsp;&nbsp;Im Jahre 1991 \u00fcbernahm sein Sohn Thomas den Betrieb. Heute f\u00fchrt Thomas das Gesch\u00e4ft und die Werkstatt,&nbsp;&nbsp;nach einem Umbau 2003, zusammen mit seiner Frau Adriane,&nbsp;&nbsp;zwei&nbsp;&nbsp;Mitarbeiterinnen und zwei selbst\u00e4ndigen Handwerkern. Als traditioneller Handwerksbetrieb sind wir darauf bedacht unsere Kunden mit der h\u00f6chstm\u00f6glichen [&hellip;]<\/p>\n","protected":false},"author":5,"featured_media":0,"parent":0,"menu_order":0,"comment_status":"closed","ping_status":"closed","template":"page-templates\/full-width-page.php","meta":{"footnotes":""},"class_list":["post-938","page","type-page","status-publish","hentry"],"aioseo_notices":[],"_links":{"self":[{"href":"https:\/\/vonbank.at\/vonbank\/wp-json\/wp\/v2\/pages\/938"}],"collection":[{"href":"https:\/\/vonbank.at\/vonbank\/wp-json\/wp\/v2\/pages"}],"about":[{"href":"https:\/\/vonbank.at\/vonbank\/wp-json\/wp\/v2\/types\/page"}],"author":[{"embeddable":true,"href":"https:\/\/vonbank.at\/vonbank\/wp-json\/wp\/v2\/users\/5"}],"replies":[{"embeddable":true,"href":"https:\/\/vonbank.at\/vonbank\/wp-json\/wp\/v2\/comments?post=938"}],"version-history":[{"count":17,"href":"https:\/\/vonbank.at\/vonbank\/wp-json\/wp\/v2\/pages\/938\/revisions"}],"predecessor-version":[{"id":2013,"href":"https:\/\/vonbank.at\/vonbank\/wp-json\/wp\/v2\/pages\/938\/revisions\/2013"}],"wp:attachment":[{"href":"https:\/\/vonbank.at\/vonbank\/wp-json\/wp\/v2\/media?parent=938"}],"curies":[{"name":"wp","href":"https:\/\/api.w.org\/{rel}","templated":true}]}}